{"id":10,"date":"2017-05-02T16:19:55","date_gmt":"2017-05-02T19:19:55","guid":{"rendered":"http:\/\/baccigalupo.bwcomunicacion.com\/?page_id=10"},"modified":"2021-08-03T19:25:22","modified_gmt":"2021-08-03T19:25:22","slug":"escuelas","status":"publish","type":"page","link":"https:\/\/fundacionbaccigalupo.org\/sitio\/escuelas\/","title":{"rendered":"Escuelas"},"content":{"rendered":"<p>[vc_row 0=\u00bb\u00bb][vc_column 0=\u00bb\u00bb][vc_column_text 0=\u00bb\u00bb]<\/p>\n<p style=\"text-align: center;\">Hoy m\u00e1s de 650 alumnos asisten regularmente a las escuelas deportivas que forman parte de la Fundaci\u00f3n Baccigalupo.\u00a0<strong>Nuestro deseo es que cada vez m\u00e1s personas con discapacidad puedan acceder al deporte para mejorar su calidad de vida<\/strong>. Por eso nuestro desaf\u00edo es<strong>\u00a0fortalecer las escuelas deportivas existentes y brindar capacitaci\u00f3n a profesionales en deporte adaptado de distintas ciudades, localidades y provincias. <\/strong>Queremos llegar a todo rinc\u00f3n del pa\u00eds, por peque\u00f1o que sea, para que toda persona con discapacidad encuentre nuevas herramientas de desarrollo e integraci\u00f3n a la sociedad.<\/p>\n<p>[\/vc_column_text][vc_text_separator title=\u00bbNuestras escuelas\u00bb i_icon_fontawesome=\u00bbfa fa-graduation-cap\u00bb i_color=\u00bbvista_blue\u00bb add_icon=\u00bbtrue\u00bb][vc_column_text 0=\u00bb\u00bb]<\/p>\n<p style=\"text-align: center;\"><div class=\"wpgmp_map_container wpgmp-map-1\" rel=\"map1\"><div class=\"wpgmp_map_parent\"><div class=\"wpgmp_map \" style=\"width:100%; height:500px;\" id=\"map1\" ><\/div><\/div><\/div><script>jQuery(document).ready(function($) {var map1 = $(\"#map1\").maps({\"map_options\":{\"center_lat\":\"-40.4990659\",\"center_lng\":\"-64.0801628\",\"zoom\":4,\"map_type_id\":\"ROADMAP\",\"draggable\":true,\"scroll_wheel\":true,\"display_45_imagery\":\"\",\"marker_default_icon\":\"http:\\\/\\\/fundacionbaccigalupo.org\\\/sitio\\\/wp-content\\\/uploads\\\/2017\\\/12\\\/map-marker-sm.png\",\"infowindow_setting\":\"\",\"infowindow_bounce_animation\":\"\",\"infowindow_drop_animation\":false,\"close_infowindow_on_map_click\":false,\"default_infowindow_open\":false,\"infowindow_open_event\":\"click\",\"full_screen_control\":true,\"search_control\":true,\"zoom_control\":true,\"map_type_control\":true,\"street_view_control\":false,\"full_screen_control_position\":\"TOP_RIGHT\",\"search_control_position\":\"TOP_LEFT\",\"zoom_control_position\":\"TOP_LEFT\",\"map_type_control_position\":\"TOP_RIGHT\",\"map_type_control_style\":\"HORIZONTAL_BAR\",\"street_view_control_position\":\"TOP_LEFT\",\"map_control\":true,\"map_control_settings\":false,\"map_zoom_after_search\":6,\"width\":\"100%\",\"height\":\"500\"},\"places\":[{\"id\":\"1\",\"title\":\"Sede Mar del Plata\",\"address\":\"Mar del Plata, Buenos Aires, Argentina\",\"source\":\"manual\",\"content\":\"<b>Sede Mar del Plata<\\\/b> <br>\\r\\nDeportes: b\\u00e1squet, tenis y f\\u00fatbol<br>\\r\\nContacto: Bruno Puente<br>\\r\\n<a href=\\\"mailto:info@fundacionbaccigalupo.org\\\" style=\\\"color:#000000;\\\">Mail: info@fundacionbaccigalupo.org<\\\/a><br>\",\"location\":{\"icon\":\"http:\\\/\\\/fundacionbaccigalupo.org\\\/sitio\\\/wp-content\\\/uploads\\\/2017\\\/12\\\/map-marker-sm.png\",\"lat\":\"-38.0054771\",\"lng\":\"-57.54261059999999\",\"city\":\"Mar del Plata\",\"state\":\"Buenos Aires Province\",\"country\":\"Argentina\",\"onclick_action\":\"marker\",\"redirect_custom_link\":\"\",\"marker_image\":\"\",\"open_new_tab\":\"yes\",\"postal_code\":\"\",\"draggable\":false,\"infowindow_default_open\":false,\"animation\":\"BOUNCE\",\"infowindow_disable\":true,\"zoom\":5,\"extra_fields\":\"\"},\"categories\":[{\"id\":\"1\",\"name\":\"fundacion\",\"type\":\"category\",\"extension_fields\":null,\"icon\":\"http:\\\/\\\/fundacionbaccigalupo.org\\\/sitio\\\/wp-content\\\/uploads\\\/2017\\\/12\\\/map-marker-sm.png\"}],\"custom_filters\":\"\"},{\"id\":\"2\",\"title\":\"Alianza Bahia Blanca\",\"address\":\"Bah\\u00eda Blanca, Buenos Aires, Argentina\",\"source\":\"manual\",\"content\":\"<b>Alianza Bahia Blanca<\\\/b><br>\\r\\nDeportes: b\\u00e1squet e iniciaci\\u00f3n deportiva<br>\\r\\nContacto: Lautaro Valente<br>\\r\\n<a href=\\\"mailto:info@fundacionbaccigalupo.org\\\" style=\\\"color:#000000;\\\">Mail: info@fundacionbaccigalupo.org<\\\/a><br>\",\"location\":{\"icon\":\"http:\\\/\\\/fundacionbaccigalupo.org\\\/sitio\\\/wp-content\\\/uploads\\\/2017\\\/12\\\/map-marker-sm.png\",\"lat\":\"-38.7183177\",\"lng\":\"-62.266347800000005\",\"city\":\"Bah\\u00eda Blanca\",\"state\":\"Buenos Aires Province\",\"country\":\"Argentina\",\"onclick_action\":\"marker\",\"redirect_custom_link\":\"\",\"marker_image\":\"\",\"open_new_tab\":\"yes\",\"postal_code\":\"\",\"draggable\":false,\"infowindow_default_open\":false,\"animation\":\"BOUNCE\",\"infowindow_disable\":true,\"zoom\":5,\"extra_fields\":\"\"},\"categories\":[{\"id\":\"1\",\"name\":\"fundacion\",\"type\":\"category\",\"extension_fields\":null,\"icon\":\"http:\\\/\\\/fundacionbaccigalupo.org\\\/sitio\\\/wp-content\\\/uploads\\\/2017\\\/12\\\/map-marker-sm.png\"}],\"custom_filters\":\"\"},{\"id\":\"3\",\"title\":\"Sede Buenos Aires\",\"address\":\"Buenos Aires, Argentina\",\"source\":\"manual\",\"content\":\"<b>Sede Buenos Aires<\\\/b><br>\\r\\nDeportes: b\\u00e1squet, tenis, f\\u00fatbol, running, hockey e iniciaci\\u00f3n deportiva<br>\\r\\nContacto: Mauro Brodsky<br>\\r\\n<a href=\\\"mailto:info@fundacionbaccigalupo.org\\\" style=\\\"color:#000000;\\\">Mail: info@fundacionbaccigalupo.org<\\\/a><br>\",\"location\":{\"icon\":\"http:\\\/\\\/fundacionbaccigalupo.org\\\/sitio\\\/wp-content\\\/uploads\\\/2017\\\/12\\\/map-marker-sm.png\",\"lat\":\"-34.60368440000001\",\"lng\":\"-58.381559100000004\",\"city\":\"Buenos Aires\",\"state\":\"Buenos Aires\",\"country\":\"Argentina\",\"onclick_action\":\"marker\",\"redirect_custom_link\":\"\",\"marker_image\":\"\",\"open_new_tab\":\"yes\",\"postal_code\":\"\",\"draggable\":false,\"infowindow_default_open\":false,\"animation\":\"BOUNCE\",\"infowindow_disable\":true,\"zoom\":5,\"extra_fields\":\"\"},\"categories\":[{\"id\":\"1\",\"name\":\"fundacion\",\"type\":\"category\",\"extension_fields\":null,\"icon\":\"http:\\\/\\\/fundacionbaccigalupo.org\\\/sitio\\\/wp-content\\\/uploads\\\/2017\\\/12\\\/map-marker-sm.png\"}],\"custom_filters\":\"\"},{\"id\":\"4\",\"title\":\"Sede C\\u00f3rdoba\",\"address\":\"C\\u00f3rdoba, Cordoba, Argentina\",\"source\":\"manual\",\"content\":\"<b>Sede Cordoba<\\\/b><br>\\r\\nDeportes: b\\u00e1squet, tenis y f\\u00fatbol<br>\\r\\nContacto: Mar\\u00eda Virginia Costas<br>\\r\\n<a href=\\\"mailto:info@fundacionbaccigalupo.org\\\" style=\\\" color:#000000;\\\">Mail: info@fundacionbaccigalupo.org<\\\/a><br>\",\"location\":{\"icon\":\"http:\\\/\\\/fundacionbaccigalupo.org\\\/sitio\\\/wp-content\\\/uploads\\\/2017\\\/12\\\/map-marker-sm.png\",\"lat\":\"-31.42008329999999\",\"lng\":\"-64.18877609999998\",\"city\":\"C\\u00f3rdoba\",\"state\":\"Cordoba\",\"country\":\"Argentina\",\"onclick_action\":\"marker\",\"redirect_custom_link\":\"\",\"marker_image\":\"\",\"open_new_tab\":\"yes\",\"postal_code\":\"\",\"draggable\":false,\"infowindow_default_open\":false,\"animation\":\"BOUNCE\",\"infowindow_disable\":true,\"zoom\":5,\"extra_fields\":\"\"},\"categories\":[{\"id\":\"1\",\"name\":\"fundacion\",\"type\":\"category\",\"extension_fields\":null,\"icon\":\"http:\\\/\\\/fundacionbaccigalupo.org\\\/sitio\\\/wp-content\\\/uploads\\\/2017\\\/12\\\/map-marker-sm.png\"}],\"custom_filters\":\"\"},{\"id\":\"5\",\"title\":\"Sede Salta\",\"address\":\"Salta, Salta Province, Argentina\",\"source\":\"manual\",\"content\":\"<b>Sede Salta<\\\/b><br>\\r\\nDeportes: b\\u00e1squet, tenis y f\\u00fatbol<br>\\r\\nContacto: Ayel\\u00e9n Aroca<br>\\r\\n<a href=\\\"mailto:info@fundacionbaccigalupo.org\\\" style=\\\"color:#000000;\\\">Mail: info@fundacionbaccigalupo.org<\\\/a><br>\",\"location\":{\"icon\":\"http:\\\/\\\/fundacionbaccigalupo.org\\\/sitio\\\/wp-content\\\/uploads\\\/2017\\\/12\\\/map-marker-sm.png\",\"lat\":\"-24.7821269\",\"lng\":\"-65.42319759999998\",\"city\":\"Salta\",\"state\":\"Salta Province\",\"country\":\"Argentina\",\"onclick_action\":\"marker\",\"redirect_custom_link\":\"\",\"marker_image\":\"\",\"open_new_tab\":\"yes\",\"postal_code\":\"\",\"draggable\":false,\"infowindow_default_open\":false,\"animation\":\"BOUNCE\",\"infowindow_disable\":true,\"zoom\":5,\"extra_fields\":\"\"},\"categories\":[{\"id\":\"1\",\"name\":\"fundacion\",\"type\":\"category\",\"extension_fields\":null,\"icon\":\"http:\\\/\\\/fundacionbaccigalupo.org\\\/sitio\\\/wp-content\\\/uploads\\\/2017\\\/12\\\/map-marker-sm.png\"}],\"custom_filters\":\"\"},{\"id\":\"6\",\"title\":\"Alianza R\\u00edo Gallegos\",\"address\":\"Rio Gallegos, Santa Cruz Province, Argentina\",\"source\":\"manual\",\"content\":\"<b>Alianza R\\u00edo Gallegos<\\\/b> <br>\\r\\nDeportes: tenis <br>\\r\\nContacto: Gast\\u00f3n Amor<br>\\r\\n<a href=\\\"mailto:info@fundacionbaccigalupo.org\\\" style=\\\"color:#000000;\\\">Mail: info@fundacionbaccigalupo.org<\\\/a><br>\",\"location\":{\"icon\":\"http:\\\/\\\/fundacionbaccigalupo.org\\\/sitio\\\/wp-content\\\/uploads\\\/2017\\\/12\\\/map-marker-sm.png\",\"lat\":\"-51.6230485\",\"lng\":\"-69.21682909999998\",\"city\":\"Rio Gallegos\",\"state\":\"Santa Cruz Province\",\"country\":\"Argentina\",\"onclick_action\":\"marker\",\"redirect_custom_link\":\"\",\"marker_image\":\"\",\"open_new_tab\":\"yes\",\"postal_code\":\"\",\"draggable\":false,\"infowindow_default_open\":false,\"animation\":\"BOUNCE\",\"infowindow_disable\":true,\"zoom\":5,\"extra_fields\":\"\"},\"categories\":[{\"id\":\"1\",\"name\":\"fundacion\",\"type\":\"category\",\"extension_fields\":null,\"icon\":\"http:\\\/\\\/fundacionbaccigalupo.org\\\/sitio\\\/wp-content\\\/uploads\\\/2017\\\/12\\\/map-marker-sm.png\"}],\"custom_filters\":\"\"}],\"styles\":\"\",\"listing\":\"\",\"map_property\":{\"map_id\":\"1\"}}).data(\"wpgmp_maps\");});<\/script><\/p>\n<p>[\/vc_column_text][\/vc_column][\/vc_row][vc_row][vc_column][vc_empty_space height=\u00bb45px\u00bb][vc_column_text]<\/p>\n<h4 style=\"text-align: center;\">La Fundaci\u00f3n ha desarrollado una t\u00e1ctica de crecimiento innovadora,<br \/>\nbasada en 4 modalidades, que permiten extender el alcance de la pr\u00e1ctica deportiva:<\/h4>\n<p>[\/vc_column_text][\/vc_column][vc_column 0=\u00bb\u00bb][\/vc_column][\/vc_row][vc_row][vc_column width=\u00bb1\/4&#8243;][vc_single_image image=\u00bb1479&#8243; img_size=\u00bblarge\u00bb][vc_column_text]<\/p>\n<h3>Apoyos<\/h3>\n<p>Los apoyos: son respuestas puntuales a iniciativas en el interior del pa\u00eds que convocan la asistencia de la Fundaci\u00f3n. Esta les acerca su know-how en cuanto a la ense\u00f1anza deportiva para personas con discapacidad intelectual y a c\u00f3mo gestionar proyectos de discapacidad y deporte; tambi\u00e9n participa de los eventos que realizan, dona material did\u00e1ctico deportivo y acompa\u00f1a las etapas de crecimiento de la organizaci\u00f3n apoyada.[\/vc_column_text][\/vc_column][vc_column width=\u00bb1\/4&#8243;][vc_single_image image=\u00bb1480&#8243; img_size=\u00bblarge\u00bb alignment=\u00bbcenter\u00bb][vc_column_text]<\/p>\n<h3>Sedes Propias<\/h3>\n<p>Las sedes propias de la Fundaci\u00f3n son el resultado de proyectos puntuales que se gestionan con el apoyo de empresas en distintas ciudades del pa\u00eds. Tal es el caso de las Escuelas Deportivas de la Fundaci\u00f3n Baccigalupo en Mar del Plata, que comenzaron a funcionar en 2008. Con sede en el polideportivo EMDER y bajo el madrinazgo de la ex tenista Gabriela Sabatini. Tambi\u00e9n de las Escuelas Deportivas de la Fundaci\u00f3n Baccigalupo en Salta, que comenzaron en el a\u00f1o 2008 con el madrinazgo de Las Leonas. La \u00faltima Escuela propia abri\u00f3 en la ciudad de C\u00f3rdoba en 2015.[\/vc_column_text][\/vc_column][vc_column width=\u00bb1\/4&#8243;][vc_single_image image=\u00bb1481&#8243; img_size=\u00bblarge\u00bb alignment=\u00bbcenter\u00bb][vc_column_text]<\/p>\n<h3>Alianzas<\/h3>\n<p>La alianza con otras instituciones: la Fundaci\u00f3n aporta el seguimiento t\u00e9cnico-deportivo y colaboraci\u00f3n permanente desde Buenos Aires al grupo de profesores de las escuelas deportivas y, a su vez, los asesora en la organizaci\u00f3n de eventos de integraci\u00f3n que la instituci\u00f3n quiera desarrollar durante el a\u00f1o. Por otra parte, los alumnos de las escuelas participan de los torneos deportivos nacionales y de los eventos significativos que organiza la Fundaci\u00f3n Baccigalupo en todo el pa\u00eds.[\/vc_column_text][\/vc_column][vc_column width=\u00bb1\/4&#8243;][vc_single_image image=\u00bb2178&#8243; img_size=\u00bblarge\u00bb alignment=\u00bbcenter\u00bb onclick=\u00bbcustom_link\u00bb img_link_target=\u00bb_blank\u00bb link=\u00bbhttps:\/\/youtu.be\/fiT2syBz__0&#8243;][vc_column_text]<\/p>\n<h3>#LaFundaEnCasa<\/h3>\n<p>A partir de la pandemia Covid 19 la Fundaci\u00f3n implement\u00f3 <strong>un programa que denomin\u00f3 #LaFundaEnCasa<\/strong> donde el gran equipo de profesionales de todas las sedes (Buenos Aires, Salta, Mar del Plata, C\u00f3rdoba y Bah\u00eda Blanca) readecu\u00f3 las clases deportivas, los cursos y las giras a la plataforma <strong>ONLINE POR ZOOM.\u00a0 <\/strong>Las clases deportivas son adaptadas para poder ser dadas en vivo por Zoom. El equipo profesional utiliza todo su ingenio para que, mientras sea necesario, los alumnos que no pueden asistir a las clases presenciales puedan seguir teniendo desde sus hogares su clase semanal en sus horarios y deportes habituales.[\/vc_column_text][\/vc_column][\/vc_row][vc_row][vc_column][vc_empty_space][vc_cta h2=\u00bbConocenos\u00bb txt_align=\u00bbcenter\u00bb style=\u00bbflat\u00bb color=\u00bbvista-blue\u00bb el_width=\u00bbxs\u00bb add_button=\u00bbright\u00bb btn_title=\u00bbContacto\u00bb btn_style=\u00bbflat\u00bb btn_color=\u00bbpink\u00bb btn_link=\u00bburl:http%3A%2F%2Ffundacionbaccigalupo.org%2Fsitio%2Fcontact%2F|||\u00bb]Para m\u00e1s informaci\u00f3n sobre las actividades de la Fundaci\u00f3n, contactanos.[\/vc_cta][\/vc_column][\/vc_row][vc_row][vc_column][\/vc_column][\/vc_row]<\/p>\n","protected":false},"excerpt":{"rendered":"<p>[vc_row 0=\u00bb\u00bb][vc_column 0=\u00bb\u00bb][vc_column_text 0=\u00bb\u00bb] Hoy m\u00e1s de 650 alumnos asisten regularmente a las escuelas deportivas que forman parte de la Fundaci\u00f3n Baccigalupo.\u00a0Nuestro deseo es que cada vez m\u00e1s personas con discapacidad puedan acceder al deporte para mejorar su calidad de vida. Por eso nuestro desaf\u00edo es\u00a0fortalecer las escuelas deportivas existentes y brindar capacitaci\u00f3n a profesionales [&hellip;]<\/p>\n","protected":false},"author":2,"featured_media":0,"parent":0,"menu_order":0,"comment_status":"closed","ping_status":"closed","template":"","meta":{"spay_email":""},"jetpack_sharing_enabled":true,"jetpack_shortlink":"https:\/\/wp.me\/P9F6gM-a","jetpack_likes_enabled":true,"_links":{"self":[{"href":"https:\/\/fundacionbaccigalupo.org\/sitio\/wp-json\/wp\/v2\/pages\/10"}],"collection":[{"href":"https:\/\/fundacionbaccigalupo.org\/sitio\/wp-json\/wp\/v2\/pages"}],"about":[{"href":"https:\/\/fundacionbaccigalupo.org\/sitio\/wp-json\/wp\/v2\/types\/page"}],"author":[{"embeddable":true,"href":"https:\/\/fundacionbaccigalupo.org\/sitio\/wp-json\/wp\/v2\/users\/2"}],"replies":[{"embeddable":true,"href":"https:\/\/fundacionbaccigalupo.org\/sitio\/wp-json\/wp\/v2\/comments?post=10"}],"version-history":[{"count":22,"href":"https:\/\/fundacionbaccigalupo.org\/sitio\/wp-json\/wp\/v2\/pages\/10\/revisions"}],"predecessor-version":[{"id":2180,"href":"https:\/\/fundacionbaccigalupo.org\/sitio\/wp-json\/wp\/v2\/pages\/10\/revisions\/2180"}],"wp:attachment":[{"href":"https:\/\/fundacionbaccigalupo.org\/sitio\/wp-json\/wp\/v2\/media?parent=10"}],"curies":[{"name":"wp","href":"https:\/\/api.w.org\/{rel}","templated":true}]}}