{"id":1229,"date":"2017-10-25T18:02:45","date_gmt":"2017-10-25T18:02:45","guid":{"rendered":"http:\/\/fundacionbaccigalupo.org\/sitio\/?page_id=1229"},"modified":"2019-01-22T20:02:12","modified_gmt":"2019-01-22T20:02:12","slug":"voluntariado","status":"publish","type":"page","link":"https:\/\/fundacionbaccigalupo.org\/sitio\/voluntariado\/","title":{"rendered":"Voluntariado"},"content":{"rendered":"<p>[vc_row][vc_column][vc_column_text]<\/p>\n<h1 style=\"text-align: center; font-family: Catamaran,sans-serif;\">Voluntariado<\/h1>\n<p>[\/vc_column_text][\/vc_column][\/vc_row][vc_row 0=\u00bb\u00bb][vc_column width=\u00bb1\/2&#8243;][vc_column_text css=\u00bb.vc_custom_1516380244745{margin-bottom: 40px !important;padding-right: 10% !important;padding-left: 15% !important;}\u00bb]<\/p>\n<p>Son el sost\u00e9n de la Fundaci\u00f3n. Las\u00a0actividades de la Fundaci\u00f3n no podr\u00edan llevarse a cabo sin la colaboraci\u00f3n de nuestros voluntarios. Son los que permiten que m\u00e1s y nuevos deportistas se sumen cada d\u00eda, los que facilitan la log\u00edstica y desarrollo de las clases y los que permiten con sus tareas de apoyo que sucedan los\u00a0eventos especiales. Muchos de ellos nos acompa\u00f1an desde el inicio, otros se van temporariamente\u00a0por situaciones particulares, pero vuelven. Algunos se acercan de la mano de otro voluntario o \u00a0luego de participar de nuestras actividades (maratones, #PoneteEnMiLugar, encuentros integrados con colegios). Otros provienen de convenios realizados con la Universidad Siglo XXI (convenio extensible a Buenos Aires y las sedes del interior). O pasant\u00edas de Institutos de Educaci\u00f3n F\u00edsica (Romero Brest, Obras Sanitarias, ISEFI). Todos son fundamentales para el \u00e9xito de nuestros objetivos y cada uno recibe el amor y\u00a0agradecimiento diario de parte de nuestros alumnos.[\/vc_column_text][\/vc_column][vc_column width=\u00bb1\/2&#8243;][vc_single_image image=\u00bb1940&#8243; img_size=\u00bblarge\u00bb alignment=\u00bbcenter\u00bb][vc_cta h2=\u00bbSumate!\u00bb style=\u00bbflat\u00bb color=\u00bbvista-blue\u00bb el_width=\u00bbxl\u00bb add_button=\u00bbright\u00bb btn_title=\u00bbContacto\u00bb btn_style=\u00bbflat\u00bb btn_color=\u00bbpink\u00bb btn_link=\u00bburl:mailto%3Ainfo%40fundacionbaccigalupo.org||target:%20_blank|\u00bb]Sumate como voluntario y aprend\u00e9 al mismo tiempo que nos ayud\u00e1s a seguir creciendo.[\/vc_cta][\/vc_column][\/vc_row][vc_row 0=\u00bb\u00bb][vc_column 0=\u00bb\u00bb][\/vc_column][\/vc_row]<\/p>\n","protected":false},"excerpt":{"rendered":"<p>[vc_row][vc_column][vc_column_text] Voluntariado [\/vc_column_text][\/vc_column][\/vc_row][vc_row 0=\u00bb\u00bb][vc_column width=\u00bb1\/2&#8243;][vc_column_text css=\u00bb.vc_custom_1516380244745{margin-bottom: 40px !important;padding-right: 10% !important;padding-left: 15% !important;}\u00bb] Son el sost\u00e9n de la Fundaci\u00f3n. Las\u00a0actividades de la Fundaci\u00f3n no podr\u00edan llevarse a cabo sin la colaboraci\u00f3n de nuestros voluntarios. Son los que permiten que m\u00e1s y nuevos deportistas se sumen cada d\u00eda, los que facilitan la log\u00edstica y desarrollo de las [&hellip;]<\/p>\n","protected":false},"author":1,"featured_media":0,"parent":0,"menu_order":0,"comment_status":"closed","ping_status":"closed","template":"","meta":{"spay_email":""},"jetpack_sharing_enabled":true,"jetpack_shortlink":"https:\/\/wp.me\/P9F6gM-jP","jetpack_likes_enabled":true,"_links":{"self":[{"href":"https:\/\/fundacionbaccigalupo.org\/sitio\/wp-json\/wp\/v2\/pages\/1229"}],"collection":[{"href":"https:\/\/fundacionbaccigalupo.org\/sitio\/wp-json\/wp\/v2\/pages"}],"about":[{"href":"https:\/\/fundacionbaccigalupo.org\/sitio\/wp-json\/wp\/v2\/types\/page"}],"author":[{"embeddable":true,"href":"https:\/\/fundacionbaccigalupo.org\/sitio\/wp-json\/wp\/v2\/users\/1"}],"replies":[{"embeddable":true,"href":"https:\/\/fundacionbaccigalupo.org\/sitio\/wp-json\/wp\/v2\/comments?post=1229"}],"version-history":[{"count":12,"href":"https:\/\/fundacionbaccigalupo.org\/sitio\/wp-json\/wp\/v2\/pages\/1229\/revisions"}],"predecessor-version":[{"id":1941,"href":"https:\/\/fundacionbaccigalupo.org\/sitio\/wp-json\/wp\/v2\/pages\/1229\/revisions\/1941"}],"wp:attachment":[{"href":"https:\/\/fundacionbaccigalupo.org\/sitio\/wp-json\/wp\/v2\/media?parent=1229"}],"curies":[{"name":"wp","href":"https:\/\/api.w.org\/{rel}","templated":true}]}}