{"id":451,"date":"2017-05-04T12:33:57","date_gmt":"2017-05-04T15:33:57","guid":{"rendered":"http:\/\/baccigalupo.bwcomunicacion.com\/?page_id=451"},"modified":"2021-07-30T18:09:23","modified_gmt":"2021-07-30T18:09:23","slug":"jugar-es-un-derecho","status":"publish","type":"page","link":"https:\/\/fundacionbaccigalupo.org\/sitio\/jugar-es-un-derecho\/","title":{"rendered":"Jugar es un derecho"},"content":{"rendered":"<p>[vc_row][vc_column][vc_column_text css=\u00bb.vc_custom_1516381497163{margin-top: 6px !important;padding-right: 15% !important;padding-left: 15% !important;}\u00bb]<\/p>\n<h3 style=\"text-align: center; font-size: 28px; font-weight: inherit;\"><strong>Jugar es un derecho<\/strong><\/h3>\n<p>[\/vc_column_text][\/vc_column][\/vc_row][vc_row][vc_column width=\u00bb2\/3&#8243;][vc_column_text css=\u00bb.vc_custom_1627668139498{margin-bottom: 40px !important;padding-right: 15% !important;padding-left: 15% !important;}\u00bb]Jornadas integradas y eventos deportivos entre personas con y sin discapacidad. Las realizamos con colegios, clubes, organizaciones de la sociedad civil y empresas privadas.[\/vc_column_text][vc_column_text css=\u00bb.vc_custom_1627668558659{margin-bottom: 82px !important;padding-right: 15% !important;padding-left: 15% !important;}\u00bb]En todos estos a\u00f1os, por ejemplo, hemos mantenido, y lo seguimos haciendo, encuentros con los Colegios Las Esclavas, St. John\u00b4s, St. Matthews\u00b4s, Eccleston, Jes\u00fas Mar\u00eda, La Salle, Juan XXIII.<\/p>\n<p>Tambi\u00e9n recibimos contingentes de alumnos de colegios de Australia, Reino Unido y Sud\u00e1frica. Buscamos que nuestros deportistas interactuen con personas convencionales favoreciendo al conocimiento de la problem\u00e1tica y estimulando a la aceptaci\u00f3n de la discapacidad.<\/p>\n<p>Otras acciones que incluye este programa son la organizaci\u00f3n del Family Day a empresas (Dow Argentina, Just, Gas Natural Fenosa, Monsanto, Laboratorio Eli Lilly entre otras)[\/vc_column_text][vc_cta h2=\u00bbConocenos\u00bb txt_align=\u00bbcenter\u00bb style=\u00bbflat\u00bb color=\u00bbvista-blue\u00bb el_width=\u00bbmd\u00bb add_button=\u00bbright\u00bb btn_title=\u00bbContacto\u00bb btn_style=\u00bbflat\u00bb btn_color=\u00bbpink\u00bb btn_link=\u00bburl:mailto%3Ainfo%40fundacionbaccigalupo.org||target:%20_blank|\u00bb]Para m\u00e1s informaci\u00f3n sobre este programa o actividades de la Fundaci\u00f3n, contactanos.[\/vc_cta][\/vc_column][vc_column width=\u00bb1\/3&#8243;][vc_single_image image=\u00bb1953&#8243; img_size=\u00bblarge\u00bb alignment=\u00bbcenter\u00bb][vc_single_image image=\u00bb1952&#8243; img_size=\u00bblarge\u00bb alignment=\u00bbcenter\u00bb][vc_single_image image=\u00bb1954&#8243; img_size=\u00bblarge\u00bb alignment=\u00bbcenter\u00bb][\/vc_column][\/vc_row]<\/p>\n","protected":false},"excerpt":{"rendered":"<p>[vc_row][vc_column][vc_column_text css=\u00bb.vc_custom_1516381497163{margin-top: 6px !important;padding-right: 15% !important;padding-left: 15% !important;}\u00bb] Jugar es un derecho [\/vc_column_text][\/vc_column][\/vc_row][vc_row][vc_column width=\u00bb2\/3&#8243;][vc_column_text css=\u00bb.vc_custom_1627668139498{margin-bottom: 40px !important;padding-right: 15% !important;padding-left: 15% !important;}\u00bb]Jornadas integradas y eventos deportivos entre personas con y sin discapacidad. Las realizamos con colegios, clubes, organizaciones de la sociedad civil y empresas privadas.[\/vc_column_text][vc_column_text css=\u00bb.vc_custom_1627668558659{margin-bottom: 82px !important;padding-right: 15% !important;padding-left: 15% !important;}\u00bb]En todos estos a\u00f1os, por [&hellip;]<\/p>\n","protected":false},"author":2,"featured_media":1202,"parent":0,"menu_order":0,"comment_status":"closed","ping_status":"closed","template":"","meta":{"spay_email":""},"jetpack_sharing_enabled":true,"jetpack_shortlink":"https:\/\/wp.me\/P9F6gM-7h","jetpack_likes_enabled":true,"_links":{"self":[{"href":"https:\/\/fundacionbaccigalupo.org\/sitio\/wp-json\/wp\/v2\/pages\/451"}],"collection":[{"href":"https:\/\/fundacionbaccigalupo.org\/sitio\/wp-json\/wp\/v2\/pages"}],"about":[{"href":"https:\/\/fundacionbaccigalupo.org\/sitio\/wp-json\/wp\/v2\/types\/page"}],"author":[{"embeddable":true,"href":"https:\/\/fundacionbaccigalupo.org\/sitio\/wp-json\/wp\/v2\/users\/2"}],"replies":[{"embeddable":true,"href":"https:\/\/fundacionbaccigalupo.org\/sitio\/wp-json\/wp\/v2\/comments?post=451"}],"version-history":[{"count":21,"href":"https:\/\/fundacionbaccigalupo.org\/sitio\/wp-json\/wp\/v2\/pages\/451\/revisions"}],"predecessor-version":[{"id":2154,"href":"https:\/\/fundacionbaccigalupo.org\/sitio\/wp-json\/wp\/v2\/pages\/451\/revisions\/2154"}],"wp:featuredmedia":[{"embeddable":true,"href":"https:\/\/fundacionbaccigalupo.org\/sitio\/wp-json\/wp\/v2\/media\/1202"}],"wp:attachment":[{"href":"https:\/\/fundacionbaccigalupo.org\/sitio\/wp-json\/wp\/v2\/media?parent=451"}],"curies":[{"name":"wp","href":"https:\/\/api.w.org\/{rel}","templated":true}]}}