{"id":453,"date":"2017-05-04T12:34:24","date_gmt":"2017-05-04T15:34:24","guid":{"rendered":"http:\/\/baccigalupo.bwcomunicacion.com\/?page_id=453"},"modified":"2019-01-23T16:01:21","modified_gmt":"2019-01-23T16:01:21","slug":"los-grandes-se-la-juegan","status":"publish","type":"page","link":"https:\/\/fundacionbaccigalupo.org\/sitio\/los-grandes-se-la-juegan\/","title":{"rendered":"Los grandes se la juegan"},"content":{"rendered":"<p>[vc_row 0=\u00bb\u00bb][vc_column 0=\u00bb\u00bb][vc_column_text css=\u00bb.vc_custom_1516381482906{margin-top: 6px !important;padding-right: 15% !important;padding-left: 15% !important;}\u00bb]<\/p>\n<h3 style=\"text-align: center; font-size: 28px; font-weight: inherit;\"><strong>Los grandes se la juegan<\/strong><\/h3>\n<p>[\/vc_column_text][\/vc_column][\/vc_row][vc_row 0=\u00bb\u00bb][vc_column width=\u00bb2\/3&#8243;][vc_column_text css=\u00bb.vc_custom_1508341508524{margin-top: 6px !important;padding-right: 15% !important;padding-left: 15% !important;}\u00bb]Acciones que involucran la presencia de deportistas de elite que, adem\u00e1s de sus logros deportivos, son referentes sociales a ser imitados por su capacidad de transmitir los valores del deporte y sirven de ejemplo a nuestros alumnos. Pueden ser deportistas individuales o equipos.<\/p>\n<p>Por ejemplo, realizamos jornadas junto a la Generaci\u00f3n Dorada (b\u00e1squetbol), Las Leonas y Leones (hockey) y Los Pumas (rugby). Tambi\u00e9n nos acompa\u00f1an en este programa Gabriela Sabatini, Juan Mart\u00edn del Potro, Guillermo Vilas, el \u201cGato\u201d Romero, Santiago Lange, Sergio \u201cCachito\u201d Vigil y Jos\u00e9 Mar\u00eda \u201cPechito\u201d L\u00f3pez.<\/p>\n<p>A partir de estas actividades, muchos deportistas reciben el t\u00edtulo de padrinos de diferentes escuelas.[\/vc_column_text][vc_cta h2=\u00bbConocenos\u00bb txt_align=\u00bbcenter\u00bb style=\u00bbflat\u00bb color=\u00bbvista-blue\u00bb el_width=\u00bbmd\u00bb add_button=\u00bbright\u00bb btn_title=\u00bbContacto\u00bb btn_style=\u00bbflat\u00bb btn_color=\u00bbpink\u00bb btn_link=\u00bburl:mailto%3Ainfo%40fundacionbaccigalupo.org||target:%20_blank|\u00bb]Para m\u00e1s informaci\u00f3n sobre este programa o actividades de la Fundaci\u00f3n, contactanos.[\/vc_cta][\/vc_column][vc_column width=\u00bb1\/3&#8243;][vc_single_image image=\u00bb1948&#8243; img_size=\u00bblarge\u00bb alignment=\u00bbcenter\u00bb][vc_single_image image=\u00bb1950&#8243; img_size=\u00bblarge\u00bb alignment=\u00bbcenter\u00bb][\/vc_column][\/vc_row]<\/p>\n","protected":false},"excerpt":{"rendered":"<p>[vc_row 0=\u00bb\u00bb][vc_column 0=\u00bb\u00bb][vc_column_text css=\u00bb.vc_custom_1516381482906{margin-top: 6px !important;padding-right: 15% !important;padding-left: 15% !important;}\u00bb] Los grandes se la juegan [\/vc_column_text][\/vc_column][\/vc_row][vc_row 0=\u00bb\u00bb][vc_column width=\u00bb2\/3&#8243;][vc_column_text css=\u00bb.vc_custom_1508341508524{margin-top: 6px !important;padding-right: 15% !important;padding-left: 15% !important;}\u00bb]Acciones que involucran la presencia de deportistas de elite que, adem\u00e1s de sus logros deportivos, son referentes sociales a ser imitados por su capacidad de transmitir los valores del deporte y [&hellip;]<\/p>\n","protected":false},"author":2,"featured_media":1204,"parent":0,"menu_order":0,"comment_status":"closed","ping_status":"closed","template":"","meta":{"spay_email":""},"jetpack_sharing_enabled":true,"jetpack_shortlink":"https:\/\/wp.me\/P9F6gM-7j","jetpack_likes_enabled":true,"_links":{"self":[{"href":"https:\/\/fundacionbaccigalupo.org\/sitio\/wp-json\/wp\/v2\/pages\/453"}],"collection":[{"href":"https:\/\/fundacionbaccigalupo.org\/sitio\/wp-json\/wp\/v2\/pages"}],"about":[{"href":"https:\/\/fundacionbaccigalupo.org\/sitio\/wp-json\/wp\/v2\/types\/page"}],"author":[{"embeddable":true,"href":"https:\/\/fundacionbaccigalupo.org\/sitio\/wp-json\/wp\/v2\/users\/2"}],"replies":[{"embeddable":true,"href":"https:\/\/fundacionbaccigalupo.org\/sitio\/wp-json\/wp\/v2\/comments?post=453"}],"version-history":[{"count":12,"href":"https:\/\/fundacionbaccigalupo.org\/sitio\/wp-json\/wp\/v2\/pages\/453\/revisions"}],"predecessor-version":[{"id":1951,"href":"https:\/\/fundacionbaccigalupo.org\/sitio\/wp-json\/wp\/v2\/pages\/453\/revisions\/1951"}],"wp:featuredmedia":[{"embeddable":true,"href":"https:\/\/fundacionbaccigalupo.org\/sitio\/wp-json\/wp\/v2\/media\/1204"}],"wp:attachment":[{"href":"https:\/\/fundacionbaccigalupo.org\/sitio\/wp-json\/wp\/v2\/media?parent=453"}],"curies":[{"name":"wp","href":"https:\/\/api.w.org\/{rel}","templated":true}]}}