{"id":455,"date":"2017-05-04T12:35:12","date_gmt":"2017-05-04T15:35:12","guid":{"rendered":"http:\/\/baccigalupo.bwcomunicacion.com\/?page_id=455"},"modified":"2021-08-09T21:57:24","modified_gmt":"2021-08-09T21:57:24","slug":"asistentes-deportivos","status":"publish","type":"page","link":"https:\/\/fundacionbaccigalupo.org\/sitio\/asistentes-deportivos\/","title":{"rendered":"Asistentes deportivos"},"content":{"rendered":"<p>[vc_row][vc_column][vc_column_text css=\u00bb.vc_custom_1516381441730{margin-top: 6px !important;padding-right: 15% !important;padding-left: 15% !important;}\u00bb]<\/p>\n<h3 style=\"text-align: center; font-size: 28px; font-weight: inherit;\"><strong>Asistentes deportivos<\/strong><\/h3>\n<p>[\/vc_column_text][\/vc_column][\/vc_row][vc_row][vc_column width=\u00bb2\/3&#8243;][vc_column_text css=\u00bb.vc_custom_1628546231800{margin-bottom: 40px !important;padding-right: 10% !important;padding-left: 10% !important;}\u00bb]El programa Asistentes Deportivos es un convenio con el \u00e1rea de Compromiso Social y Extensi\u00f3n de la Pontificia Universidad Cat\u00f3lica Argentina (UCA) que forma alumnos de la Fundaci\u00f3n como asistentes de Profesores de Tenis para sus clases con alumnos convencionales de sus clubes. El curso dura 10 meses e incluye clases te\u00f3ricas (UCA \u2013 Puerto Madero) y pr\u00e1cticas (CeNARD).<\/p>\n<p>El Certificado obtenido por nuestros m\u00e1s de <strong>24 deportistas egresados<\/strong>, ha permitido que muchos de ellos se inserten laboralmente al obtener una oportunidad de trabajo rentada en clubes privados tales como: Tenis Club Argentino, Buenos Aires Lawn Tennis, Gimnasia y Esgrima de Buenos Aires (GEBA), Darling Tennis Club y en el Club Banade de Martinez.[\/vc_column_text][vc_cta h2=\u00bbConocenos\u00bb txt_align=\u00bbcenter\u00bb style=\u00bbflat\u00bb color=\u00bbvista-blue\u00bb el_width=\u00bbmd\u00bb add_button=\u00bbright\u00bb btn_title=\u00bbContacto\u00bb btn_style=\u00bbflat\u00bb btn_color=\u00bbpink\u00bb btn_link=\u00bburl:mailto%3Aandrea.benaim%40fundacionbaccigalupo.org||target:%20_blank|\u00bb]Para m\u00e1s informaci\u00f3n sobre este programa o actividades de la Fundaci\u00f3n, contactanos.[\/vc_cta][\/vc_column][vc_column width=\u00bb1\/3&#8243;][vc_single_image image=\u00bb1942&#8243; img_size=\u00bblarge\u00bb alignment=\u00bbcenter\u00bb][vc_single_image image=\u00bb1944&#8243; img_size=\u00bblarge\u00bb alignment=\u00bbcenter\u00bb][vc_video link=\u00bbhttps:\/\/youtu.be\/jjQSLOarwNM\u00bb align=\u00bbcenter\u00bb title=\u00bbAsistente Deportivo\u00bb][\/vc_column][\/vc_row]<\/p>\n","protected":false},"excerpt":{"rendered":"<p>[vc_row][vc_column][vc_column_text css=\u00bb.vc_custom_1516381441730{margin-top: 6px !important;padding-right: 15% !important;padding-left: 15% !important;}\u00bb] Asistentes deportivos [\/vc_column_text][\/vc_column][\/vc_row][vc_row][vc_column width=\u00bb2\/3&#8243;][vc_column_text css=\u00bb.vc_custom_1628546231800{margin-bottom: 40px !important;padding-right: 10% !important;padding-left: 10% !important;}\u00bb]El programa Asistentes Deportivos es un convenio con el \u00e1rea de Compromiso Social y Extensi\u00f3n de la Pontificia Universidad Cat\u00f3lica Argentina (UCA) que forma alumnos de la Fundaci\u00f3n como asistentes de Profesores de Tenis para sus clases [&hellip;]<\/p>\n","protected":false},"author":2,"featured_media":1199,"parent":0,"menu_order":0,"comment_status":"closed","ping_status":"closed","template":"","meta":{"spay_email":""},"jetpack_sharing_enabled":true,"jetpack_shortlink":"https:\/\/wp.me\/P9F6gM-7l","jetpack_likes_enabled":true,"_links":{"self":[{"href":"https:\/\/fundacionbaccigalupo.org\/sitio\/wp-json\/wp\/v2\/pages\/455"}],"collection":[{"href":"https:\/\/fundacionbaccigalupo.org\/sitio\/wp-json\/wp\/v2\/pages"}],"about":[{"href":"https:\/\/fundacionbaccigalupo.org\/sitio\/wp-json\/wp\/v2\/types\/page"}],"author":[{"embeddable":true,"href":"https:\/\/fundacionbaccigalupo.org\/sitio\/wp-json\/wp\/v2\/users\/2"}],"replies":[{"embeddable":true,"href":"https:\/\/fundacionbaccigalupo.org\/sitio\/wp-json\/wp\/v2\/comments?post=455"}],"version-history":[{"count":14,"href":"https:\/\/fundacionbaccigalupo.org\/sitio\/wp-json\/wp\/v2\/pages\/455\/revisions"}],"predecessor-version":[{"id":2187,"href":"https:\/\/fundacionbaccigalupo.org\/sitio\/wp-json\/wp\/v2\/pages\/455\/revisions\/2187"}],"wp:featuredmedia":[{"embeddable":true,"href":"https:\/\/fundacionbaccigalupo.org\/sitio\/wp-json\/wp\/v2\/media\/1199"}],"wp:attachment":[{"href":"https:\/\/fundacionbaccigalupo.org\/sitio\/wp-json\/wp\/v2\/media?parent=455"}],"curies":[{"name":"wp","href":"https:\/\/api.w.org\/{rel}","templated":true}]}}