{"id":461,"date":"2017-05-04T12:37:09","date_gmt":"2017-05-04T15:37:09","guid":{"rendered":"http:\/\/baccigalupo.bwcomunicacion.com\/?page_id=461"},"modified":"2021-08-09T22:39:48","modified_gmt":"2021-08-09T22:39:48","slug":"ponete-en-mi-lugar","status":"publish","type":"page","link":"https:\/\/fundacionbaccigalupo.org\/sitio\/ponete-en-mi-lugar\/","title":{"rendered":"Ponete en mi lugar"},"content":{"rendered":"<p>[vc_row 0=\u00bb\u00bb][vc_column 0=\u00bb\u00bb][vc_column_text css=\u00bb.vc_custom_1628546348123{margin-top: 6px !important;padding-right: 15% !important;padding-left: 15% !important;}\u00bb]<\/p>\n<h3 style=\"text-align: center; font-size: 28px; font-weight: inherit;\"><strong>#PoneteEnMiLugar\u00a0 \/\u00a0 #EstrecharDistancias\u00a0 \/\u00a0 #Dialogando<\/strong><\/h3>\n<p>[\/vc_column_text][\/vc_column][\/vc_row][vc_row 0=\u00bb\u00bb][vc_column 0=\u00bb\u00bb][vc_row_inner 0=\u00bb\u00bb][vc_column_inner width=\u00bb2\/3&#8243;][vc_column_text css=\u00bb.vc_custom_1628548782195{margin-bottom: 40px !important;padding-right: 15% !important;padding-left: 15% !important;}\u00bb]Son actividades creadas por la Fundaci\u00f3n Baccigalupo dirigida a medianas y grandes empresas para estrechar situaciones de integraci\u00f3n corporativa interna y concientizar sobre la diversidad.<\/p>\n<p><strong>#PonesteEnMiLugar<\/strong> (actividad presencial) es una jornada de juegos deportivos, vivencias, reflexi\u00f3n. Se act\u00faa sobre un grupo de personas determinado para que de una manera l\u00fadica ejerciten valores de trabajo colaborativo, vivencien como sortear dificultades o empaticen con las problem\u00e1ticas de sus compa\u00f1eros. Siempre desde el intercambio positivo y desde la valoraci\u00f3n de las personas como eje fundamental de cualquier actividad<\/p>\n<p>El evento es conducido por alumnos de la Fundaci\u00f3n Baccigalupo con discapacidad intelectual egresados del curso de Asistentes Deportivos con la supervisi\u00f3n de profesores.<\/p>\n<p>Debido a la pandemia, durante el 2020 nos vimos en la necesidad de pensar nuevas alternativas de actividades de team building para empresas que se adaptaran a la virtualidad.\u00a0 Como resultado nacieron:<\/p>\n<p><strong>#EstrecharDistancias<\/strong> (actividad online): Reuni\u00f3n virtual distendida para equipos de trabajo con juegos, desaf\u00edos, consignas y reflexiones para compartir en grupo.\u00a0Una cita para salir de la rutina, recuperar energ\u00edas y <strong>conectar con la inclusi\u00f3n.<\/strong><\/p>\n<p><strong>#Dialogando<\/strong> (actividad online): Se trata de un <strong>charla<\/strong> distendida <strong>con j\u00f3venes con discapacidad intelectual<\/strong> de la Fundaci\u00f3n, donde se trata de repensar la diversidad y la importancia de escuchar al otro, buscando generar espacios m\u00e1s emp\u00e1ticos y enriquecedores.<\/p>\n<p>A trav\u00e9s de estas actividades se busca brindar herramientas para trabajar fuertemente la <strong>inclusi\u00f3n, empat\u00eda y acciones colaborativas <\/strong>dentro de los grupos de trabajo. Tanto en la versi\u00f3n presencial como en la virtual el evento es <strong>conducido por alumnos de la Fundaci\u00f3n con discapacidad intelectual<\/strong>\u00a0junto a profesores y voluntarios.<\/p>\n<p>Participaron de estas acciones:<\/p>\n<p>Banco Galicia, Exxon Mobile, Adidas, Weber Saint Gobain, La Caja, Santander R\u00edo, Lauria Producciones, GIA, entre otras.[\/vc_column_text][vc_cta h2=\u00bbConocenos\u00bb txt_align=\u00bbcenter\u00bb style=\u00bbflat\u00bb color=\u00bbvista-blue\u00bb el_width=\u00bbmd\u00bb add_button=\u00bbright\u00bb btn_title=\u00bbContacto\u00bb btn_style=\u00bbflat\u00bb btn_color=\u00bbpink\u00bb btn_link=\u00bburl:mailto%3Aandrea.benaim%40fundacionbaccigalupo.org||target:%20_blank|\u00bb]Para m\u00e1s informaci\u00f3n sobre este programa o actividades de la Fundaci\u00f3n, contactanos.[\/vc_cta][\/vc_column_inner][vc_column_inner width=\u00bb1\/3&#8243;][vc_video link=\u00bbhttps:\/\/vimeo.com\/307100823&#8243; align=\u00bbcenter\u00bb css=\u00bb.vc_custom_1548258761790{margin-bottom: 45px !important;}\u00bb][vc_video link=\u00bbhttps:\/\/youtu.be\/14b-EZklXEE\u00bb][\/vc_column_inner][\/vc_row_inner][\/vc_column][\/vc_row]<\/p>\n","protected":false},"excerpt":{"rendered":"<p>[vc_row 0=\u00bb\u00bb][vc_column 0=\u00bb\u00bb][vc_column_text css=\u00bb.vc_custom_1628546348123{margin-top: 6px !important;padding-right: 15% !important;padding-left: 15% !important;}\u00bb] #PoneteEnMiLugar\u00a0 \/\u00a0 #EstrecharDistancias\u00a0 \/\u00a0 #Dialogando [\/vc_column_text][\/vc_column][\/vc_row][vc_row 0=\u00bb\u00bb][vc_column 0=\u00bb\u00bb][vc_row_inner 0=\u00bb\u00bb][vc_column_inner width=\u00bb2\/3&#8243;][vc_column_text css=\u00bb.vc_custom_1628548782195{margin-bottom: 40px !important;padding-right: 15% !important;padding-left: 15% !important;}\u00bb]Son actividades creadas por la Fundaci\u00f3n Baccigalupo dirigida a medianas y grandes empresas para estrechar situaciones de integraci\u00f3n corporativa interna y concientizar sobre la diversidad. #PonesteEnMiLugar (actividad presencial) es [&hellip;]<\/p>\n","protected":false},"author":2,"featured_media":1205,"parent":0,"menu_order":0,"comment_status":"closed","ping_status":"closed","template":"","meta":{"spay_email":""},"jetpack_sharing_enabled":true,"jetpack_shortlink":"https:\/\/wp.me\/P9F6gM-7r","jetpack_likes_enabled":true,"_links":{"self":[{"href":"https:\/\/fundacionbaccigalupo.org\/sitio\/wp-json\/wp\/v2\/pages\/461"}],"collection":[{"href":"https:\/\/fundacionbaccigalupo.org\/sitio\/wp-json\/wp\/v2\/pages"}],"about":[{"href":"https:\/\/fundacionbaccigalupo.org\/sitio\/wp-json\/wp\/v2\/types\/page"}],"author":[{"embeddable":true,"href":"https:\/\/fundacionbaccigalupo.org\/sitio\/wp-json\/wp\/v2\/users\/2"}],"replies":[{"embeddable":true,"href":"https:\/\/fundacionbaccigalupo.org\/sitio\/wp-json\/wp\/v2\/comments?post=461"}],"version-history":[{"count":17,"href":"https:\/\/fundacionbaccigalupo.org\/sitio\/wp-json\/wp\/v2\/pages\/461\/revisions"}],"predecessor-version":[{"id":2191,"href":"https:\/\/fundacionbaccigalupo.org\/sitio\/wp-json\/wp\/v2\/pages\/461\/revisions\/2191"}],"wp:featuredmedia":[{"embeddable":true,"href":"https:\/\/fundacionbaccigalupo.org\/sitio\/wp-json\/wp\/v2\/media\/1205"}],"wp:attachment":[{"href":"https:\/\/fundacionbaccigalupo.org\/sitio\/wp-json\/wp\/v2\/media?parent=461"}],"curies":[{"name":"wp","href":"https:\/\/api.w.org\/{rel}","templated":true}]}}