{"id":948,"date":"2017-07-24T15:20:19","date_gmt":"2017-07-24T15:20:19","guid":{"rendered":"http:\/\/baccigalupo.bwcomunicacion.com\/?page_id=948"},"modified":"2021-08-06T18:45:21","modified_gmt":"2021-08-06T18:45:21","slug":"equipo","status":"publish","type":"page","link":"https:\/\/fundacionbaccigalupo.org\/sitio\/equipo\/","title":{"rendered":"Equipo"},"content":{"rendered":"<p>[vc_row][vc_column width=\u00bb1\/6&#8243;][vc_empty_space][\/vc_column][vc_column width=\u00bb2\/3&#8243;][vc_single_image image=\u00bb1452&#8243; img_size=\u00bb500&#215;328&#8243; alignment=\u00bbcenter\u00bb onclick=\u00bblink_image\u00bb][\/vc_column][vc_column width=\u00bb1\/6&#8243;][\/vc_column][\/vc_row][vc_row 0=\u00bb\u00bb][vc_column width=\u00bb1\/3&#8243;][vc_column_text 0=\u00bb\u00bb]<strong>Presidente<\/strong><br \/>Cecilia Baccigalupo<br \/><strong>Directora Ejecutiva<\/strong><br \/>Andrea Benaim<br \/><strong>Coordinador Deportivo<\/strong><br \/>Mauro Brodsky<br \/><strong>Community Manager<\/strong><br \/>Miranda Ghirimoldi<br \/><strong>Gestora Institucional<\/strong><br \/>Nora Sviderskas<br \/><strong>Asistente Contable <\/strong><br \/>Lic. Liliana Guerra<\/p>\r\n<p><strong>Otras \u00c1reas<\/strong><\/p>\r\n<p><strong>Estudio Contable<\/strong><br \/>Asesor\u00eda Elba Gomez<br \/><strong>Realizaciones Audiovisuales<\/strong><br \/>Jonatan Abrutin \u2013 Entender Produccciones<br \/>Mario Gandione<br \/><strong>Fotograf\u00eda<\/strong><br \/>Florencia Visconte<br \/>Valeria Chernicoff<br \/>Roberto Sanchez<br \/>Alejandra Schiavo[\/vc_column_text][vc_toggle title=\u00bbVoluntarios Buenos Aires\u00bb]<strong>Voluntarios Buenos Aires<\/strong><strong><br \/><\/strong><strong>B\u00e1squet<br \/><\/strong>Florencia Garc\u00eda VieyraSebasti\u00e1n Erdociain<br \/>Ger\u00f3nimo Caruso Mansilla<br \/>Vicky Cuminetti<br \/><strong>Futbol:<\/strong><br \/>Juan Pablo Gonz\u00e1lez Fern\u00e1ndez<br \/>Pedro Agust\u00edn Ferrante Alberdi<br \/><strong>Hockey<\/strong><br \/>Mar\u00eda Zamar<br \/>Catalina Ferreiro<br \/><strong>Tenis<\/strong><br \/>Laura Kirchner<br \/>Sandra Kamien<br \/>Karina Spivack<br \/>Analia Navarro<br \/><strong>Iniciaci\u00f3n Deportiva<\/strong><br \/>Giovanni Miano<br \/>Maria Podetti<br \/>Mar\u00eda Mc Lennan<br \/>Carolina Mariel Sanchez<br \/>Mar\u00eda\u00a0Andrea\u00a0Romanelli<br \/>Maria Agustina Suarez<br \/>Carolina paula Tobia<br \/>Carolina Ruiz<br \/>Ivan Ferrando<br \/>Agostina Mannara<br \/>Agustin Sosa<br \/>Nicolas Tateossian<br \/>Florencia Cousido<br \/>Julieta Llanpart<br \/>Belen Olivia Perez Cobo<br \/>Paula Forcher<br \/>Agostina Colledanchise<br \/>Nicolas Kolliker<br \/>Marina Fr\u00edas Silva<br \/>Dolores Romero<br \/><strong>Running:<\/strong><br \/>Cecilia Bustillo<br \/>Paul Ghidossi<br \/>Rosa Volcoff<br \/>Clara Porrino<br \/>Elizabeth Navarro[\/vc_toggle][vc_toggle title=\u00bbVoluntarios Mar del Plata\u00bb]Elizabeth Taranto<br \/>Paula Ail\u00edn Fabiano[\/vc_toggle][vc_toggle title=\u00bbVoluntarios Salta\u00bb]<\/p>\r\n<p>Ma. Emilia Griggio<br \/>Fabi\u00e1n Rivero<br \/>Soledad Eguias<br \/>Yesica Blanco<br \/>Agust\u00edn Salvatierra<br \/>Luisina Romano<\/p>\r\n<p>[\/vc_toggle][vc_toggle title=\u00bbVoluntarios Cordoba\u00bb]<\/p>\r\n<p>Belen Otrosky<br \/>Marlene Ducant<br \/>Pamela Mondino<br \/>Johanna Soledad Britos<br \/>Francisco Drube<br \/>Nicol\u00e1s Guglielmone<br \/>Enzo Saitta<br \/>Maira Rodr\u00edguez<br \/>Mar\u00eda Hibbard<br \/>Julieta\u00a0Fern\u00e1ndez<br \/>Ayel\u00e9n Mansilla<br \/>Sofia Prieto<br \/>Germ\u00e1n Boggio<br \/>Manuela Bentatti<br \/>Florencia Mor\u00e1n Suarez<br \/>Mercedes Drube<br \/>Ail\u00edn Andr\u00e9s<br \/>Agust\u00edn Bonzi<br \/>Lucila Bernard<br \/>Fernanda Wilberger<br \/>Daniela Saks<br \/>Lucas Whelan<br \/>Camila Arsaut<br \/>Agostina Paola Costabella Sim\u00f3n<br \/>Teresita del Valle Paz<br \/>Lautaro Chiarini<br \/>Emanuel Chaparro<\/p>\r\n<p>[\/vc_toggle][vc_toggle title=\u00bbVoluntarios Bah\u00eda Blanca\u00bb]Fabiola Melo<br \/>Camila Zapatta<br \/>Ailen Salazar<br \/>Luc\u00eda Nardi<br \/>Guadalupe Traversa[\/vc_toggle][\/vc_column][vc_column width=\u00bb1\/3&#8243;][vc_column_text 0=\u00bb\u00bb]<strong>Gestores Regionales<\/strong><br \/>Prof. Bruno Puente (Sede Mar del Plata)<br \/>Prof. Ayel\u00e9n Aroca Gerban (Sede Salta)<br \/>Lic. Virginia Costas\u00a0 (Sede C\u00f3rdoba)<br \/>Prof. Gast\u00f3n Amor (Alianza R\u00edo Gallegos Tennis Club \u2013 R\u00edo Gallegos)<br \/>Lautaro Valente (Alianza Asociaci\u00f3n Integrar \u2013 Bah\u00eda Blanca)<br \/><strong>Staff Deportivo: Mar del Plata<\/strong><br \/><strong>Tenis, Basquet &amp; F\u00fatbol<\/strong><br \/>Prof. Bruno Puente \u00a0&#8211; Referente<br \/>Prof. Joaqu\u00edn Diep<br \/>Prof. Emiliano Rodr\u00edguez<br \/>Prof. Lucia Parisi<br \/><strong>Staff Deportivo &#8211; C\u00f3rdoba<\/strong><br \/><strong>Tenis &amp; Basquet<\/strong><br \/>Lic. Virginia Costas &#8211; Referente<br \/>Prof. Melanie Gorgerino<br \/><strong>Staff Deportivo<\/strong><strong>\u00a0&#8211;\u00a0 Rio Gallegos :<\/strong><br \/><strong>Tenis:<\/strong><br \/>Prof. Gast\u00f3n Amor &#8211; Referente<br \/><strong>Staff Deportivo &#8211; Bahia Blanca :<\/strong><br \/><strong>B\u00e1squet &amp; Sport Initiation:<\/strong><br \/>Prof. Leandro Sereneli &#8211; Referente<br \/>Prof. Augusto R\u00edos<br \/>Prof. Boris Herrera[\/vc_column_text][\/vc_column][vc_column width=\u00bb1\/3&#8243;][vc_column_text]<strong>Staff Deportivo &#8211; Buenos Aires<\/strong><br \/><strong><strong>B\u00e1squet<\/strong><\/strong><br \/>Prof. Alejandra Cubas \u2013 Referente<br \/><strong>Hockey<\/strong><br \/>Lic. Lorena la Terza \u2013 Referente<br \/>Prof. Clara Martin Herrera<br \/><strong>Futbol<\/strong><br \/>Prof. Joel Fuksbrauner Dominguez \u2013 Referente<br \/>Prof. Nicol\u00e1s Zanniello Ramirez<br \/><strong>Tenis<\/strong><br \/>Prof. Claudio Morales \u2013 Referente<br \/>Prof. Silvia Moran<br \/><strong>Basquet &amp; Running<\/strong><br \/>Prof. Joel Fuksbrauner Dominguez \u2013 Referente<br \/><strong>Iniciaci\u00f3n Deportiva<\/strong><br \/>Prof. Alejandra Cubas\u00a0&#8211; Referente<br \/>Prof. Lorena La Terza &#8211; Referente<br \/><strong>Staff Deportivo &#8211; Salta <\/strong><strong>\u00a0<\/strong><br \/><strong>Tenis, Basquet &amp; Futbol<\/strong><br \/>Prof. Ayel\u00e9n Aroca Gerban &#8211; Referente<br \/>Prof. Miguel Ramos<br \/>Prof. Brian Aicardi<br \/>Prof. Mercedes Retuerta<br \/>Prof. Natalia Soledad Acosta<br \/>Prof. Sandra Talevi<br \/>Prof. Cynthia D\u00e9cima[\/vc_column_text][\/vc_column][\/vc_row][vc_row][vc_column][vc_column_text]<\/p>\r\n\r\n<p>[\/vc_column_text][\/vc_column][\/vc_row]<\/p>","protected":false},"excerpt":{"rendered":"<p>[vc_row][vc_column width=\u00bb1\/6&#8243;][vc_empty_space][\/vc_column][vc_column width=\u00bb2\/3&#8243;][vc_single_image image=\u00bb1452&#8243; img_size=\u00bb500&#215;328&#8243; alignment=\u00bbcenter\u00bb onclick=\u00bblink_image\u00bb][\/vc_column][vc_column width=\u00bb1\/6&#8243;][\/vc_column][\/vc_row][vc_row 0=\u00bb\u00bb][vc_column width=\u00bb1\/3&#8243;][vc_column_text 0=\u00bb\u00bb]PresidenteCecilia BaccigalupoDirectora EjecutivaAndrea BenaimCoordinador DeportivoMauro BrodskyCommunity ManagerMiranda GhirimoldiGestora InstitucionalNora SviderskasAsistente Contable Lic. Liliana Guerra Otras \u00c1reas Estudio ContableAsesor\u00eda Elba GomezRealizaciones AudiovisualesJonatan Abrutin \u2013 Entender ProducccionesMario GandioneFotograf\u00edaFlorencia VisconteValeria ChernicoffRoberto SanchezAlejandra Schiavo[\/vc_column_text][vc_toggle title=\u00bbVoluntarios Buenos Aires\u00bb]Voluntarios Buenos AiresB\u00e1squetFlorencia Garc\u00eda VieyraSebasti\u00e1n ErdociainGer\u00f3nimo Caruso MansillaVicky CuminettiFutbol:Juan Pablo Gonz\u00e1lez Fern\u00e1ndezPedro Agust\u00edn [&hellip;]<\/p>\n","protected":false},"author":2,"featured_media":0,"parent":0,"menu_order":0,"comment_status":"closed","ping_status":"closed","template":"","meta":{"spay_email":""},"jetpack_sharing_enabled":true,"jetpack_shortlink":"https:\/\/wp.me\/P9F6gM-fi","jetpack_likes_enabled":true,"_links":{"self":[{"href":"https:\/\/fundacionbaccigalupo.org\/sitio\/wp-json\/wp\/v2\/pages\/948"}],"collection":[{"href":"https:\/\/fundacionbaccigalupo.org\/sitio\/wp-json\/wp\/v2\/pages"}],"about":[{"href":"https:\/\/fundacionbaccigalupo.org\/sitio\/wp-json\/wp\/v2\/types\/page"}],"author":[{"embeddable":true,"href":"https:\/\/fundacionbaccigalupo.org\/sitio\/wp-json\/wp\/v2\/users\/2"}],"replies":[{"embeddable":true,"href":"https:\/\/fundacionbaccigalupo.org\/sitio\/wp-json\/wp\/v2\/comments?post=948"}],"version-history":[{"count":16,"href":"https:\/\/fundacionbaccigalupo.org\/sitio\/wp-json\/wp\/v2\/pages\/948\/revisions"}],"predecessor-version":[{"id":2182,"href":"https:\/\/fundacionbaccigalupo.org\/sitio\/wp-json\/wp\/v2\/pages\/948\/revisions\/2182"}],"wp:attachment":[{"href":"https:\/\/fundacionbaccigalupo.org\/sitio\/wp-json\/wp\/v2\/media?parent=948"}],"curies":[{"name":"wp","href":"https:\/\/api.w.org\/{rel}","templated":true}]}}